{"id":71,"date":"2022-10-29T17:08:25","date_gmt":"2022-10-29T17:08:25","guid":{"rendered":"https:\/\/schottischer-dudelsack-regensburg.de\/?page_id=71"},"modified":"2026-04-17T15:51:25","modified_gmt":"2026-04-17T13:51:25","slug":"schottisch-dudelsack-regensburg-oberpfalz","status":"publish","type":"page","link":"https:\/\/dudelsack-regensburg.de\/","title":{"rendered":"Schottischer Dudelsack Regensburg Oberpfalz"},"content":{"rendered":"<div class=\"et_pb_section_0 et_pb_section et_section_regular et_block_section\">\n<div class=\"et_pb_row_0 et_pb_row et_block_row\">\n<div class=\"et_pb_column_0 et_pb_column et_pb_column_4_4 et-last-child et_block_column et_pb_css_mix_blend_mode_passthrough\">\n<div class=\"et_pb_text_0 et_pb_text et_pb_bg_layout_light et_pb_module et_block_module\"><div class=\"et_pb_text_inner\"><h1 style=\"text-align: center;\"><span style=\"color: #0000ff;\"><span style=\"color: #800080;\">The Great Highland Bagpipe<\/span><\/span><\/h1>\n<p>&nbsp;<\/p>\n<h1 style=\"text-align: center;\"><span style=\"color: #0000ff;\">Schottischer Dudelsack Regensburg Oberpfalz<\/span><span style=\"color: #0000ff;\"><\/span><\/h1>\n<\/div><\/div>\n<\/div>\n<\/div>\n\n<div class=\"et_pb_row_1 et_pb_row et_block_row\">\n<div class=\"et_pb_column_1 et_pb_column et_pb_column_1_3 et_block_column et_pb_css_mix_blend_mode_passthrough\">\n<div class=\"et_pb_image_0 et_pb_image et_pb_module et_block_module\"><span class=\"et_pb_image_wrap has-box-shadow-overlay\"><div class=\"box-shadow-overlay\"><\/div><img loading=\"lazy\" decoding=\"async\" src=\"https:\/\/dudelsack-regensburg.de\/wp-content\/uploads\/2026\/04\/Highland-Bagpipe.webp\" alt=\"Dudelsack Bauteile\" title=\"Highland-Bagpipe\" width=\"600\" height=\"720\" srcset=\"https:\/\/dudelsack-regensburg.de\/wp-content\/uploads\/2026\/04\/Highland-Bagpipe.webp 600w, https:\/\/dudelsack-regensburg.de\/wp-content\/uploads\/2026\/04\/Highland-Bagpipe-480x576.webp 480w\" sizes=\"(min-width: 0px) and (max-width: 480px) 480px, (min-width: 481px) 600px, 100vw\" class=\"wp-image-598\" \/><\/span><\/div>\n<\/div>\n\n<div class=\"et_pb_column_2 et_pb_column et_pb_column_1_3 et_block_column et_pb_css_mix_blend_mode_passthrough\">\n<div class=\"et_pb_image_1 et_pb_image et_pb_module et_block_module\"><span class=\"et_pb_image_wrap has-box-shadow-overlay\"><div class=\"box-shadow-overlay\"><\/div><img loading=\"lazy\" decoding=\"async\" src=\"https:\/\/dudelsack-regensburg.de\/wp-content\/uploads\/2026\/04\/Scotisch_Map.webp\" alt=\"Scotisch Map\" title=\"Scotisch_Map\" width=\"600\" height=\"720\" srcset=\"https:\/\/dudelsack-regensburg.de\/wp-content\/uploads\/2026\/04\/Scotisch_Map.webp 600w, https:\/\/dudelsack-regensburg.de\/wp-content\/uploads\/2026\/04\/Scotisch_Map-480x576.webp 480w\" sizes=\"(min-width: 0px) and (max-width: 480px) 480px, (min-width: 481px) 600px, 100vw\" class=\"wp-image-588\" \/><\/span><\/div>\n<\/div>\n\n<div class=\"et_pb_column_3 et_pb_column et_pb_column_1_3 et-last-child et_block_column et_pb_css_mix_blend_mode_passthrough\">\n<div class=\"et_pb_image_2 et_pb_image et_pb_image_sticky et_pb_module et_block_module\"><span class=\"et_pb_image_wrap has-box-shadow-overlay\"><div class=\"box-shadow-overlay\"><\/div><img loading=\"lazy\" decoding=\"async\" src=\"https:\/\/dudelsack-regensburg.de\/wp-content\/uploads\/2026\/04\/qr-code_Dudelsack-300x300.webp\" alt=\"Qr- Visitenkarte\" title=\"qr-code_Dudelsack\" width=\"300\" height=\"300\" srcset=\"https:\/\/dudelsack-regensburg.de\/wp-content\/uploads\/2026\/04\/qr-code_Dudelsack-300x300.webp 300w\" class=\"wp-image-596\" \/><\/span><\/div>\n<\/div>\n<\/div>\n\n<div class=\"et_pb_row_2 et_pb_row et_block_row\">\n<div class=\"et_pb_column_4 et_pb_column et_pb_column_2_5 et_block_column et_pb_css_mix_blend_mode_passthrough\">\n<div class=\"et_pb_image_3 et_pb_image et_pb_module et_block_module\"><span class=\"et_pb_image_wrap has-box-shadow-overlay\"><div class=\"box-shadow-overlay\"><\/div><img loading=\"lazy\" decoding=\"async\" src=\"https:\/\/dudelsack-regensburg.de\/wp-content\/uploads\/2026\/04\/IMG-20191028-WA0004-e1667064677741.webp\" alt=\"Dudelsackspieler Hochzeitsmarsxch\" title=\"IMG-20191028-WA0004-e1667064677741\" width=\"1063\" height=\"1551\" srcset=\"https:\/\/dudelsack-regensburg.de\/wp-content\/uploads\/2026\/04\/IMG-20191028-WA0004-e1667064677741.webp 1063w, https:\/\/dudelsack-regensburg.de\/wp-content\/uploads\/2026\/04\/IMG-20191028-WA0004-e1667064677741-980x1430.webp 980w, https:\/\/dudelsack-regensburg.de\/wp-content\/uploads\/2026\/04\/IMG-20191028-WA0004-e1667064677741-480x700.webp 480w\" sizes=\"(min-width: 0px) and (max-width: 480px) 480px, (min-width: 481px) and (max-width: 980px) 980px, (min-width: 981px) 1063px, 100vw\" class=\"wp-image-600\" \/><\/span><\/div>\n<\/div>\n\n<div class=\"et_pb_column_5 et_pb_column et_pb_column_3_5 et-last-child et_block_column et_pb_css_mix_blend_mode_passthrough\">\n<div class=\"et_pb_text_1 et_pb_text et_pb_bg_layout_light et_pb_module et_block_module\"><div class=\"et_pb_text_inner\"><h2><span style=\"color: #0000ff;\">The Great Highland Bagpipe,<br \/><\/span><span style=\"color: #0000ff;\">oder auch Dudelsack genannt!<\/span><\/h2>\n<p>&nbsp;<\/p>\n<h3><span style=\"color: #3366ff;\">F\u00fcr den schottischen Dudelsack war in<br \/><\/span><\/h3>\n<p>&nbsp;<\/p>\n<p>Regensburg \u2013 Oberpfalz,<\/p>\n<p>in den 70 \u2013 80ern Jahren hier in Deutschland, so gut wie keinen akzeptabler Lehrer f\u00fcr dieses Instrument zu finden. Also auch keiner, der mich auf dem schottischen Dudelsack unterrichten konnte. Daher lernte ich stattdessen Akkordeon und Fl\u00f6te zu spielen.<\/p>\n<p>Mit unserem Hobby Mittelalter und zu Lagern, lernte meine Frau und ich, von der Darstellung her \u201eSchotten\u201c kennen. Wir lernten dadurch ein paar Dudelsack-Spieler kennen. Der Drang in mir selbst, dieses elit\u00e4re Instrument spielen zu k\u00f6nnen, wurde wieder geweckt und immer gr\u00f6\u00dfer.<\/p>\n<p>Erst sp\u00e4t hatte ich das Gl\u00fcck in gewisse Musiker Kreise zu kommen, die mich zu einem wirklich sehr guten Lehrer in N\u00fcrnberg verwiesen.<\/p>\n<h3><span style=\"color: #3366ff;\">Nach wie vor nehme ich regelm\u00e4\u00dfig an Fortbildungen teil, um mich<\/span><\/h3>\n<p>&nbsp;<\/p>\n<p>Kontinuierlich zu verbessern und weiterzubilden.<\/p>\n<p><span style=\"color: #3366ff;\"><\/span><\/p>\n<p>Mir pers\u00f6nlich macht es Freude zu spielen und damit Menschen zu begeistern, denen das Spiel auf der Great Highland Bagpipe genau wie mir Freude bereitet.<br \/>Das Resultat davon sehen sie hier auf meiner Seite <span style=\"text-decoration: underline;\"><span style=\"color: #0300ed;\"><a href=\"https:\/\/dudelsack-regensburg.de\" title=\"Dudelsack Regensburg\" style=\"color: #0300ed; text-decoration: underline;\">Schottischer Dudelsack Regensburg Oberpfalz<\/a><\/span><\/span><\/p>\n<p>Deshalb wurde ich immer wieder zu den verschiedensten Anl\u00e4ssen eingeladen, um auf Hochzeiten, Geburtstagen, Firmenfeiern \u2026 usw. zu spielen.<\/p>\n<p>Aber auch zu weniger freudigen Anl\u00e4ssen, bei denen ich die Ehre hatte, auf ihrem letzten Weg, f\u00fcr einen geliebten Mensch, mit passender Musik, die emotional ergreifend war. Sie damit w\u00fcrdevoll zu begleiten, dabei zu wissen, dass man sich daran noch sehr lange erinnern wird, gibt mir und den Hinterbliebenen ein gutes Gef\u00fchl!<\/p>\n<p>Nutzen Sie mein <span style=\"color: #0000ff;\"><a href=\"https:\/\/dudelsack-regensburg.de\/index.php\/kontakt\/\" style=\"color: #0000ff;\">Hier zum Kontakt<\/a><\/span> um mich anzusprechen, teilen Sie mir mit, um was es geht, gerne rufe ich Sie auch an und bespreche alles weiter am Telefon mit Ihnen!<br \/>Kommen Sie auch gerne wieder und besuchen Sie mich auf \u201eSchottischer Dudelsack Regensburg Oberpfalz.\u201c<\/p>\n<p><a href=\"https:\/\/g.page\/r\/CRlK8HYrFSEhEBM\/review\" target=\"_blank\" rel=\"noopener noreferrer\" class=\"google-review-link\"><br \/><span style=\"color: #0014f2;\">Jetzt bei Google bewerten<\/span><br \/><\/a><\/p>\n<p>Oder aber bei Bedarf auf mein Unternehmen.<\/p>\n<p><a href=\"https:\/\/regensburg-taxi.com\/\" target=\"_blank\" rel=\"noopener\"><strong>Regensburg Taxi Online e. K.<\/strong><\/a><br \/>Das Taxiunternehmen in Regensburg mit den bisher besten und den meisten f\u00fcnf Sterne Bewertungen f\u00fcr Taxis in Regensburg.<\/p>\n<p><a href=\"https:\/\/g.page\/r\/CRlK8HYrFSEhEBM\/review\" target=\"_blank\" rel=\"noopener\"><\/a><\/p>\n<\/div><\/div>\n<\/div>\n<\/div>\n<\/div>","protected":false},"excerpt":{"rendered":"","protected":false},"author":1,"featured_media":0,"parent":0,"menu_order":0,"comment_status":"closed","ping_status":"closed","template":"","meta":{"footnotes":""},"class_list":["post-71","page","type-page","status-publish","hentry"],"yoast_head":"<!-- This site is optimized with the Yoast SEO plugin v27.4 - https:\/\/yoast.com\/product\/yoast-seo-wordpress\/ -->\n<title>Schottischer Dudelsack Regensburg Oberpfalz - Buchbar<\/title>\n<meta name=\"description\" content=\"Schottisch Dudelsack Regensburg Oberpfalz - Buchar f\u00fcr Hochzeiten - Geburtstage - Firmenfeier - Trauerfeiern usw.\" \/>\n<meta name=\"robots\" content=\"index, follow, max-snippet:-1, max-image-preview:large, max-video-preview:-1\" \/>\n<link rel=\"canonical\" href=\"https:\/\/dudelsack-regensburg.de\/\" \/>\n<meta property=\"og:locale\" content=\"de_DE\" \/>\n<meta property=\"og:type\" content=\"article\" \/>\n<meta property=\"og:title\" content=\"Schottischer Dudelsack Regensburg Oberpfalz - Buchbar\" \/>\n<meta property=\"og:description\" content=\"Schottisch Dudelsack Regensburg Oberpfalz - Buchar f\u00fcr Hochzeiten - Geburtstage - Firmenfeier - Trauerfeiern usw.\" \/>\n<meta property=\"og:url\" content=\"https:\/\/dudelsack-regensburg.de\/\" \/>\n<meta property=\"og:site_name\" content=\"Schottischer-Dudelsack-Regensburg Oberpfalz\" \/>\n<meta property=\"article:modified_time\" content=\"2026-04-17T13:51:25+00:00\" \/>\n<meta name=\"twitter:card\" content=\"summary_large_image\" \/>\n<script type=\"application\/ld+json\" class=\"yoast-schema-graph\">{\"@context\":\"https:\\\/\\\/schema.org\",\"@graph\":[{\"@type\":\"WebPage\",\"@id\":\"https:\\\/\\\/dudelsack-regensburg.de\\\/\",\"url\":\"https:\\\/\\\/dudelsack-regensburg.de\\\/\",\"name\":\"Schottischer Dudelsack Regensburg Oberpfalz - Buchbar\",\"isPartOf\":{\"@id\":\"https:\\\/\\\/dudelsack-regensburg.de\\\/#website\"},\"datePublished\":\"2022-10-29T17:08:25+00:00\",\"dateModified\":\"2026-04-17T13:51:25+00:00\",\"description\":\"Schottisch Dudelsack Regensburg Oberpfalz - Buchar f\u00fcr Hochzeiten - Geburtstage - Firmenfeier - Trauerfeiern usw.\",\"breadcrumb\":{\"@id\":\"https:\\\/\\\/dudelsack-regensburg.de\\\/#breadcrumb\"},\"inLanguage\":\"de\",\"potentialAction\":[{\"@type\":\"ReadAction\",\"target\":[\"https:\\\/\\\/dudelsack-regensburg.de\\\/\"]}]},{\"@type\":\"BreadcrumbList\",\"@id\":\"https:\\\/\\\/dudelsack-regensburg.de\\\/#breadcrumb\",\"itemListElement\":[{\"@type\":\"ListItem\",\"position\":1,\"name\":\"Startseite\",\"item\":\"https:\\\/\\\/dudelsack-regensburg.de\\\/\"},{\"@type\":\"ListItem\",\"position\":2,\"name\":\"Schottischer Dudelsack Regensburg Oberpfalz\"}]},{\"@type\":\"WebSite\",\"@id\":\"https:\\\/\\\/dudelsack-regensburg.de\\\/#website\",\"url\":\"https:\\\/\\\/dudelsack-regensburg.de\\\/\",\"name\":\"Schottischer-Dudelsack-Regensburg Oberpfalz\",\"description\":\"Dudelsackspieler Regensburg Buchen!\",\"publisher\":{\"@id\":\"https:\\\/\\\/dudelsack-regensburg.de\\\/#\\\/schema\\\/person\\\/9276acc61a38024b9453b5013e2205e4\"},\"alternateName\":\"Dudelsackspieler Regensburg\",\"potentialAction\":[{\"@type\":\"SearchAction\",\"target\":{\"@type\":\"EntryPoint\",\"urlTemplate\":\"https:\\\/\\\/dudelsack-regensburg.de\\\/?s={search_term_string}\"},\"query-input\":{\"@type\":\"PropertyValueSpecification\",\"valueRequired\":true,\"valueName\":\"search_term_string\"}}],\"inLanguage\":\"de\"},{\"@type\":[\"Person\",\"Organization\"],\"@id\":\"https:\\\/\\\/dudelsack-regensburg.de\\\/#\\\/schema\\\/person\\\/9276acc61a38024b9453b5013e2205e4\",\"name\":\"admin\",\"image\":{\"@type\":\"ImageObject\",\"inLanguage\":\"de\",\"@id\":\"https:\\\/\\\/dudelsack-regensburg.de\\\/wp-content\\\/uploads\\\/2022\\\/10\\\/IMG-20191028-WA0011.jpg\",\"url\":\"https:\\\/\\\/dudelsack-regensburg.de\\\/wp-content\\\/uploads\\\/2022\\\/10\\\/IMG-20191028-WA0011.jpg\",\"contentUrl\":\"https:\\\/\\\/dudelsack-regensburg.de\\\/wp-content\\\/uploads\\\/2022\\\/10\\\/IMG-20191028-WA0011.jpg\",\"width\":1483,\"height\":987,\"caption\":\"admin\"},\"logo\":{\"@id\":\"https:\\\/\\\/dudelsack-regensburg.de\\\/wp-content\\\/uploads\\\/2022\\\/10\\\/IMG-20191028-WA0011.jpg\"},\"sameAs\":[\"https:\\\/\\\/dudelsack-regensburg.de\"]}]}<\/script>\n<!-- \/ Yoast SEO plugin. -->","yoast_head_json":{"title":"Schottischer Dudelsack Regensburg Oberpfalz - Buchbar","description":"Schottisch Dudelsack Regensburg Oberpfalz - Buchar f\u00fcr Hochzeiten - Geburtstage - Firmenfeier - Trauerfeiern usw.","robots":{"index":"index","follow":"follow","max-snippet":"max-snippet:-1","max-image-preview":"max-image-preview:large","max-video-preview":"max-video-preview:-1"},"canonical":"https:\/\/dudelsack-regensburg.de\/","og_locale":"de_DE","og_type":"article","og_title":"Schottischer Dudelsack Regensburg Oberpfalz - Buchbar","og_description":"Schottisch Dudelsack Regensburg Oberpfalz - Buchar f\u00fcr Hochzeiten - Geburtstage - Firmenfeier - Trauerfeiern usw.","og_url":"https:\/\/dudelsack-regensburg.de\/","og_site_name":"Schottischer-Dudelsack-Regensburg Oberpfalz","article_modified_time":"2026-04-17T13:51:25+00:00","twitter_card":"summary_large_image","schema":{"@context":"https:\/\/schema.org","@graph":[{"@type":"WebPage","@id":"https:\/\/dudelsack-regensburg.de\/","url":"https:\/\/dudelsack-regensburg.de\/","name":"Schottischer Dudelsack Regensburg Oberpfalz - Buchbar","isPartOf":{"@id":"https:\/\/dudelsack-regensburg.de\/#website"},"datePublished":"2022-10-29T17:08:25+00:00","dateModified":"2026-04-17T13:51:25+00:00","description":"Schottisch Dudelsack Regensburg Oberpfalz - Buchar f\u00fcr Hochzeiten - Geburtstage - Firmenfeier - Trauerfeiern usw.","breadcrumb":{"@id":"https:\/\/dudelsack-regensburg.de\/#breadcrumb"},"inLanguage":"de","potentialAction":[{"@type":"ReadAction","target":["https:\/\/dudelsack-regensburg.de\/"]}]},{"@type":"BreadcrumbList","@id":"https:\/\/dudelsack-regensburg.de\/#breadcrumb","itemListElement":[{"@type":"ListItem","position":1,"name":"Startseite","item":"https:\/\/dudelsack-regensburg.de\/"},{"@type":"ListItem","position":2,"name":"Schottischer Dudelsack Regensburg Oberpfalz"}]},{"@type":"WebSite","@id":"https:\/\/dudelsack-regensburg.de\/#website","url":"https:\/\/dudelsack-regensburg.de\/","name":"Schottischer-Dudelsack-Regensburg Oberpfalz","description":"Dudelsackspieler Regensburg Buchen!","publisher":{"@id":"https:\/\/dudelsack-regensburg.de\/#\/schema\/person\/9276acc61a38024b9453b5013e2205e4"},"alternateName":"Dudelsackspieler Regensburg","potentialAction":[{"@type":"SearchAction","target":{"@type":"EntryPoint","urlTemplate":"https:\/\/dudelsack-regensburg.de\/?s={search_term_string}"},"query-input":{"@type":"PropertyValueSpecification","valueRequired":true,"valueName":"search_term_string"}}],"inLanguage":"de"},{"@type":["Person","Organization"],"@id":"https:\/\/dudelsack-regensburg.de\/#\/schema\/person\/9276acc61a38024b9453b5013e2205e4","name":"admin","image":{"@type":"ImageObject","inLanguage":"de","@id":"https:\/\/dudelsack-regensburg.de\/wp-content\/uploads\/2022\/10\/IMG-20191028-WA0011.jpg","url":"https:\/\/dudelsack-regensburg.de\/wp-content\/uploads\/2022\/10\/IMG-20191028-WA0011.jpg","contentUrl":"https:\/\/dudelsack-regensburg.de\/wp-content\/uploads\/2022\/10\/IMG-20191028-WA0011.jpg","width":1483,"height":987,"caption":"admin"},"logo":{"@id":"https:\/\/dudelsack-regensburg.de\/wp-content\/uploads\/2022\/10\/IMG-20191028-WA0011.jpg"},"sameAs":["https:\/\/dudelsack-regensburg.de"]}]}},"_links":{"self":[{"href":"https:\/\/dudelsack-regensburg.de\/index.php\/wp-json\/wp\/v2\/pages\/71","targetHints":{"allow":["GET"]}}],"collection":[{"href":"https:\/\/dudelsack-regensburg.de\/index.php\/wp-json\/wp\/v2\/pages"}],"about":[{"href":"https:\/\/dudelsack-regensburg.de\/index.php\/wp-json\/wp\/v2\/types\/page"}],"author":[{"embeddable":true,"href":"https:\/\/dudelsack-regensburg.de\/index.php\/wp-json\/wp\/v2\/users\/1"}],"replies":[{"embeddable":true,"href":"https:\/\/dudelsack-regensburg.de\/index.php\/wp-json\/wp\/v2\/comments?post=71"}],"version-history":[{"count":98,"href":"https:\/\/dudelsack-regensburg.de\/index.php\/wp-json\/wp\/v2\/pages\/71\/revisions"}],"predecessor-version":[{"id":601,"href":"https:\/\/dudelsack-regensburg.de\/index.php\/wp-json\/wp\/v2\/pages\/71\/revisions\/601"}],"wp:attachment":[{"href":"https:\/\/dudelsack-regensburg.de\/index.php\/wp-json\/wp\/v2\/media?parent=71"}],"curies":[{"name":"wp","href":"https:\/\/api.w.org\/{rel}","templated":true}]}}